{"id":7671,"date":"2019-10-31T23:23:15","date_gmt":"2019-10-31T23:23:15","guid":{"rendered":"https:\/\/primehouse.es\/?page_id=7671"},"modified":"2021-10-26T08:25:32","modified_gmt":"2021-10-26T08:25:32","slug":"invitacion-de-primehouse-a-simed-2021","status":"publish","type":"page","link":"https:\/\/primehouse.es\/en\/invitacion-de-primehouse-a-simed-2021\/","title":{"rendered":"Invitacion de PrimeHouse a Simed 2021"},"content":{"rendered":"<h1>\u00a1Tenemos tu entrada para el SIMED!<\/h1>\n<h2><a href=\"https:\/\/primehouse.es\/\" target=\"_blank\" rel=\"noopener noreferrer\">Prime House<\/a> te invita al Sal\u00f3n Inmobiliario del Mediterr\u00e1neo en M\u00e1laga<\/h2>\n<p>&nbsp;<\/p>\n<p>En el Palacio de Congresos de M\u00e1laga del\u00a0 4 al 6 de Noviembre, ven a descubrir la mayor oferta inmobiliaria.<\/p>\n<p>Ven al Stand D10 y pregunta por los proyectos en comercializaci\u00f3n y las promociones aplicables durante la Feria.<\/p>\n<p>Acepta la pol\u00edtica de privacidad para poder descargar tu entrada gratuita a la Feria.<\/p>\n<p>Recuerda a\u00f1adir el c\u00f3digo <strong>PHOUSE_INV<\/strong><\/p>\n<p>&nbsp;<\/p>\n<p><img loading=\"lazy\" decoding=\"async\" class=\"aligncenter size-full wp-image-8411\" src=\"https:\/\/primehouse.es\/wp-content\/uploads\/2021\/10\/PHOTO-2021-10-26-10-20-45.jpg\" alt=\"\" width=\"1600\" height=\"811\" srcset=\"https:\/\/primehouse.es\/wp-content\/uploads\/2021\/10\/PHOTO-2021-10-26-10-20-45.jpg 1600w, https:\/\/primehouse.es\/wp-content\/uploads\/2021\/10\/PHOTO-2021-10-26-10-20-45-300x152.jpg 300w, https:\/\/primehouse.es\/wp-content\/uploads\/2021\/10\/PHOTO-2021-10-26-10-20-45-1024x519.jpg 1024w, https:\/\/primehouse.es\/wp-content\/uploads\/2021\/10\/PHOTO-2021-10-26-10-20-45-768x389.jpg 768w, https:\/\/primehouse.es\/wp-content\/uploads\/2021\/10\/PHOTO-2021-10-26-10-20-45-1536x779.jpg 1536w, https:\/\/primehouse.es\/wp-content\/uploads\/2021\/10\/PHOTO-2021-10-26-10-20-45-1116x566.jpg 1116w, https:\/\/primehouse.es\/wp-content\/uploads\/2021\/10\/PHOTO-2021-10-26-10-20-45-806x409.jpg 806w, https:\/\/primehouse.es\/wp-content\/uploads\/2021\/10\/PHOTO-2021-10-26-10-20-45-558x283.jpg 558w, https:\/\/primehouse.es\/wp-content\/uploads\/2021\/10\/PHOTO-2021-10-26-10-20-45-655x332.jpg 655w\" sizes=\"(max-width: 1600px) 100vw, 1600px\" \/><\/p>\n<p><script src=\"\/\/js.hsforms.net\/forms\/shell.js\" type=\"text\/javascript\" charset=\"utf-8\"><\/script><br \/>\n<script>\n  hbspt.forms.create({\n\tportalId: \"3074037\",\n\tformId: \"fc91ad11-61bb-4f39-bbb7-942e7fbfd2d6\"\n});\n<\/script><\/p>\n<p>&nbsp;<\/p>\n<p>&nbsp;<\/p>\n","protected":false},"excerpt":{"rendered":"<p>\u00a1Tenemos tu entrada para el SIMED! Prime House te invita al Sal\u00f3n Inmobiliario del Mediterr\u00e1neo en M\u00e1laga &nbsp; En el Palacio de Congresos de M\u00e1laga del\u00a0 4 al 6 de Noviembre, ven a descubrir la mayor oferta inmobiliaria. Ven al Stand D10 y pregunta por los proyectos en comercializaci\u00f3n y las promociones aplicables durante la&hellip;<\/p>\n","protected":false},"author":1,"featured_media":0,"parent":0,"menu_order":5,"comment_status":"closed","ping_status":"closed","template":"","meta":{"content-type":"","footnotes":""},"acf":[],"yoast_head":"<!-- This site is optimized with the Yoast SEO plugin v21.5 - https:\/\/yoast.com\/wordpress\/plugins\/seo\/ -->\n<title>Invitacion de PrimeHouse a Simed 2021 - Prime House<\/title>\n<meta name=\"robots\" content=\"index, follow, max-snippet:-1, max-image-preview:large, max-video-preview:-1\" \/>\n<link rel=\"canonical\" href=\"https:\/\/primehouse.es\/invitacion-de-primehouse-a-simed-2021\/\" \/>\n<meta property=\"og:locale\" content=\"en_GB\" \/>\n<meta property=\"og:type\" content=\"article\" \/>\n<meta property=\"og:title\" content=\"Invitacion de PrimeHouse a Simed 2021\" \/>\n<meta property=\"og:description\" content=\"\u00a1Tenemos tu entrada para el SIMED! Prime House te invita al Sal\u00f3n Inmobiliario del Mediterr\u00e1neo en M\u00e1laga &nbsp; En el Palacio de Congresos de M\u00e1laga del\u00a0 4 al 6 de Noviembre, ven a descubrir la mayor oferta inmobiliaria. Ven al Stand D10 y pregunta por los proyectos en comercializaci\u00f3n y las promociones aplicables durante la&hellip;\" \/>\n<meta property=\"og:url\" content=\"https:\/\/primehouse.es\/invitacion-de-primehouse-a-simed-2021\/\" \/>\n<meta property=\"og:site_name\" content=\"Prime House\" \/>\n<meta property=\"article:publisher\" content=\"https:\/\/www.facebook.com\/PrimeHouse.es\" \/>\n<meta property=\"article:modified_time\" content=\"2021-10-26T08:25:32+00:00\" \/>\n<meta property=\"og:image\" content=\"https:\/\/primehouse.es\/wp-content\/uploads\/2021\/10\/PHOTO-2021-10-26-10-20-45.jpg\" \/>\n<meta name=\"twitter:card\" content=\"summary_large_image\" \/>\n<meta name=\"twitter:label1\" content=\"Estimated reading time\" \/>\n\t<meta name=\"twitter:data1\" content=\"1 minute\" \/>\n<script type=\"application\/ld+json\" class=\"yoast-schema-graph\">{\"@context\":\"https:\/\/schema.org\",\"@graph\":[{\"@type\":\"WebPage\",\"@id\":\"https:\/\/primehouse.es\/invitacion-de-primehouse-a-simed-2021\/\",\"url\":\"https:\/\/primehouse.es\/invitacion-de-primehouse-a-simed-2021\/\",\"name\":\"[:es]Invitacion de PrimeHouse a Simed 2021[:] - Prime House\",\"isPartOf\":{\"@id\":\"https:\/\/primehouse.es\/#website\"},\"datePublished\":\"2019-10-31T23:23:15+00:00\",\"dateModified\":\"2021-10-26T08:25:32+00:00\",\"breadcrumb\":{\"@id\":\"https:\/\/primehouse.es\/invitacion-de-primehouse-a-simed-2021\/#breadcrumb\"},\"inLanguage\":\"en-GB\",\"potentialAction\":[{\"@type\":\"ReadAction\",\"target\":[\"https:\/\/primehouse.es\/invitacion-de-primehouse-a-simed-2021\/\"]}]},{\"@type\":\"BreadcrumbList\",\"@id\":\"https:\/\/primehouse.es\/invitacion-de-primehouse-a-simed-2021\/#breadcrumb\",\"itemListElement\":[{\"@type\":\"ListItem\",\"position\":1,\"name\":\"Portada\",\"item\":\"https:\/\/primehouse.es\/\"},{\"@type\":\"ListItem\",\"position\":2,\"name\":\"Invitacion de PrimeHouse a Simed 2021\"}]},{\"@type\":\"WebSite\",\"@id\":\"https:\/\/primehouse.es\/#website\",\"url\":\"https:\/\/primehouse.es\/\",\"name\":\"Prime House\",\"description\":\"Promociones, viviendas y hogares \u00fanicos\",\"publisher\":{\"@id\":\"https:\/\/primehouse.es\/#organization\"},\"potentialAction\":[{\"@type\":\"SearchAction\",\"target\":{\"@type\":\"EntryPoint\",\"urlTemplate\":\"https:\/\/primehouse.es\/?s={search_term_string}\"},\"query-input\":\"required name=search_term_string\"}],\"inLanguage\":\"en-GB\"},{\"@type\":\"Organization\",\"@id\":\"https:\/\/primehouse.es\/#organization\",\"name\":\"PRIME HOUSE\",\"url\":\"https:\/\/primehouse.es\/\",\"logo\":{\"@type\":\"ImageObject\",\"inLanguage\":\"en-GB\",\"@id\":\"https:\/\/primehouse.es\/#\/schema\/logo\/image\/\",\"url\":\"https:\/\/primehouse.es\/wp-content\/uploads\/2021\/08\/LOGO-PH_SEP19-scaled.jpg\",\"contentUrl\":\"https:\/\/primehouse.es\/wp-content\/uploads\/2021\/08\/LOGO-PH_SEP19-scaled.jpg\",\"width\":2560,\"height\":2560,\"caption\":\"PRIME HOUSE\"},\"image\":{\"@id\":\"https:\/\/primehouse.es\/#\/schema\/logo\/image\/\"},\"sameAs\":[\"https:\/\/www.facebook.com\/PrimeHouse.es\",\"https:\/\/www.instagram.com\/primehousespain\/\",\"https:\/\/www.linkedin.com\/company\/18834339\/admin\/\"]}]}<\/script>\n<!-- \/ Yoast SEO plugin. -->","yoast_head_json":{"title":"Invitacion de PrimeHouse a Simed 2021 - Prime House","robots":{"index":"index","follow":"follow","max-snippet":"max-snippet:-1","max-image-preview":"max-image-preview:large","max-video-preview":"max-video-preview:-1"},"canonical":"https:\/\/primehouse.es\/invitacion-de-primehouse-a-simed-2021\/","og_locale":"en_GB","og_type":"article","og_title":"[:es]Invitacion de PrimeHouse a Simed 2021[:] - Prime House","og_description":"\u00a1Tenemos tu entrada para el SIMED! Prime House te invita al Sal\u00f3n Inmobiliario del Mediterr\u00e1neo en M\u00e1laga &nbsp; En el Palacio de Congresos de M\u00e1laga del\u00a0 4 al 6 de Noviembre, ven a descubrir la mayor oferta inmobiliaria. Ven al Stand D10 y pregunta por los proyectos en comercializaci\u00f3n y las promociones aplicables durante la&hellip;","og_url":"https:\/\/primehouse.es\/invitacion-de-primehouse-a-simed-2021\/","og_site_name":"Prime House","article_publisher":"https:\/\/www.facebook.com\/PrimeHouse.es","article_modified_time":"2021-10-26T08:25:32+00:00","og_image":[{"url":"https:\/\/primehouse.es\/wp-content\/uploads\/2021\/10\/PHOTO-2021-10-26-10-20-45.jpg"}],"twitter_card":"summary_large_image","twitter_misc":{"Estimated reading time":"1 minute"},"schema":{"@context":"https:\/\/schema.org","@graph":[{"@type":"WebPage","@id":"https:\/\/primehouse.es\/invitacion-de-primehouse-a-simed-2021\/","url":"https:\/\/primehouse.es\/invitacion-de-primehouse-a-simed-2021\/","name":"[:es]Invitacion de PrimeHouse a Simed 2021[:] - Prime House","isPartOf":{"@id":"https:\/\/primehouse.es\/#website"},"datePublished":"2019-10-31T23:23:15+00:00","dateModified":"2021-10-26T08:25:32+00:00","breadcrumb":{"@id":"https:\/\/primehouse.es\/invitacion-de-primehouse-a-simed-2021\/#breadcrumb"},"inLanguage":"en-GB","potentialAction":[{"@type":"ReadAction","target":["https:\/\/primehouse.es\/invitacion-de-primehouse-a-simed-2021\/"]}]},{"@type":"BreadcrumbList","@id":"https:\/\/primehouse.es\/invitacion-de-primehouse-a-simed-2021\/#breadcrumb","itemListElement":[{"@type":"ListItem","position":1,"name":"Portada","item":"https:\/\/primehouse.es\/"},{"@type":"ListItem","position":2,"name":"Invitacion de PrimeHouse a Simed 2021"}]},{"@type":"WebSite","@id":"https:\/\/primehouse.es\/#website","url":"https:\/\/primehouse.es\/","name":"Prime House","description":"Promociones, viviendas y hogares \u00fanicos","publisher":{"@id":"https:\/\/primehouse.es\/#organization"},"potentialAction":[{"@type":"SearchAction","target":{"@type":"EntryPoint","urlTemplate":"https:\/\/primehouse.es\/?s={search_term_string}"},"query-input":"required name=search_term_string"}],"inLanguage":"en-GB"},{"@type":"Organization","@id":"https:\/\/primehouse.es\/#organization","name":"PRIME HOUSE","url":"https:\/\/primehouse.es\/","logo":{"@type":"ImageObject","inLanguage":"en-GB","@id":"https:\/\/primehouse.es\/#\/schema\/logo\/image\/","url":"https:\/\/primehouse.es\/wp-content\/uploads\/2021\/08\/LOGO-PH_SEP19-scaled.jpg","contentUrl":"https:\/\/primehouse.es\/wp-content\/uploads\/2021\/08\/LOGO-PH_SEP19-scaled.jpg","width":2560,"height":2560,"caption":"PRIME HOUSE"},"image":{"@id":"https:\/\/primehouse.es\/#\/schema\/logo\/image\/"},"sameAs":["https:\/\/www.facebook.com\/PrimeHouse.es","https:\/\/www.instagram.com\/primehousespain\/","https:\/\/www.linkedin.com\/company\/18834339\/admin\/"]}]}},"_links":{"self":[{"href":"https:\/\/primehouse.es\/en\/wp-json\/wp\/v2\/pages\/7671"}],"collection":[{"href":"https:\/\/primehouse.es\/en\/wp-json\/wp\/v2\/pages"}],"about":[{"href":"https:\/\/primehouse.es\/en\/wp-json\/wp\/v2\/types\/page"}],"author":[{"embeddable":true,"href":"https:\/\/primehouse.es\/en\/wp-json\/wp\/v2\/users\/1"}],"replies":[{"embeddable":true,"href":"https:\/\/primehouse.es\/en\/wp-json\/wp\/v2\/comments?post=7671"}],"version-history":[{"count":10,"href":"https:\/\/primehouse.es\/en\/wp-json\/wp\/v2\/pages\/7671\/revisions"}],"predecessor-version":[{"id":7674,"href":"https:\/\/primehouse.es\/en\/wp-json\/wp\/v2\/pages\/7671\/revisions\/7674"}],"wp:attachment":[{"href":"https:\/\/primehouse.es\/en\/wp-json\/wp\/v2\/media?parent=7671"}],"curies":[{"name":"wp","href":"https:\/\/api.w.org\/{rel}","templated":true}]}}